{"id":12982,"date":"2014-11-14T13:46:00","date_gmt":"2014-11-14T15:46:00","guid":{"rendered":"https:\/\/sachacalmon.com.br\/?page_id=12982"},"modified":"2024-09-25T14:03:08","modified_gmt":"2024-09-25T17:03:08","slug":"structure","status":"publish","type":"page","link":"https:\/\/sachacalmon.com.br\/en\/about\/structure\/","title":{"rendered":"Offices"},"content":{"rendered":"<p>[et_pb_section fb_built=&#8221;1&#8243; admin_label=&#8221;Topo&#8221; module_class=&#8221;topo&#8221; _builder_version=&#8221;4.24.2&#8243; _module_preset=&#8221;default&#8221; background_image=&#8221;https:\/\/sachacalmon.com.br\/wp-content\/uploads\/2024\/03\/topo-escritorio.jpg&#8221; background_size=&#8221;custom&#8221; background_image_width=&#8221;100%&#8221; background_image_height=&#8221;100%&#8221; background_position=&#8221;bottom_center&#8221; custom_padding=&#8221;180px||25px||false|false&#8221; border_width_top=&#8221;5px&#8221; border_color_top=&#8221;#be883e&#8221; global_colors_info=&#8221;{}&#8221;][et_pb_row _builder_version=&#8221;4.24.2&#8243; _module_preset=&#8221;default&#8221; global_colors_info=&#8221;{}&#8221;][et_pb_column type=&#8221;4_4&#8243; _builder_version=&#8221;4.24.2&#8243; _module_preset=&#8221;default&#8221; global_colors_info=&#8221;{}&#8221;][et_pb_text module_class=&#8221;titulo&#8221; _builder_version=&#8221;4.24.2&#8243; _module_preset=&#8221;default&#8221; global_colors_info=&#8221;{}&#8221;]<\/p>\n<h1>Office<\/h1>\n<p>[\/et_pb_text][\/et_pb_column][\/et_pb_row][\/et_pb_section][et_pb_section fb_built=&#8221;1&#8243; module_class=&#8221;sobre&#8221; _builder_version=&#8221;4.24.2&#8243; background_image=&#8221;https:\/\/sachacalmon.com.br\/wp-content\/uploads\/2024\/03\/paginas-semtit.jpg&#8221; background_size=&#8221;custom&#8221; background_image_width=&#8221;100%&#8221; background_position=&#8221;top_center&#8221; global_colors_info=&#8221;{}&#8221;][et_pb_row _builder_version=&#8221;4.24.2&#8243; _module_preset=&#8221;default&#8221; max_width=&#8221;980px&#8221; global_colors_info=&#8221;{}&#8221;][et_pb_column type=&#8221;4_4&#8243; _builder_version=&#8221;4.24.2&#8243; _module_preset=&#8221;default&#8221; global_colors_info=&#8221;{}&#8221;][et_pb_text module_class=&#8221;texto&#8221; _builder_version=&#8221;4.24.2&#8243; _module_preset=&#8221;default&#8221; global_colors_info=&#8221;{}&#8221;]<\/p>\n<p>SCMD operates throughout the national territory. On the map, see the units and correspondents across Brazil.<\/p>\n<p>[\/et_pb_text][\/et_pb_column][\/et_pb_row][et_pb_row column_structure=&#8221;3_5,2_5&#8243; module_class=&#8221;mapa&#8221; _builder_version=&#8221;4.24.2&#8243; _module_preset=&#8221;default&#8221; custom_css_main_element=&#8221;display: flex;||align-items: center;||flex-wrap: nowrap;&#8221; global_colors_info=&#8221;{}&#8221; custom_css_main_element_last_edited=&#8221;on|phone&#8221; custom_css_main_element_tablet=&#8221;display: flex;||align-items: center;||flex-wrap: wrap;&#8221; custom_css_main_element_phone=&#8221;display: flex;||align-items: center;||flex-wrap: wrap;&#8221;][et_pb_column type=&#8221;3_5&#8243; _builder_version=&#8221;4.24.2&#8243; _module_preset=&#8221;default&#8221; global_colors_info=&#8221;{}&#8221;][et_pb_image src=&#8221;https:\/\/sachacalmon.com.br\/wp-content\/uploads\/2024\/03\/mapa.png&#8221; title_text=&#8221;mapa&#8221; _builder_version=&#8221;4.24.2&#8243; _module_preset=&#8221;default&#8221; global_colors_info=&#8221;{}&#8221;][\/et_pb_image][\/et_pb_column][et_pb_column type=&#8221;2_5&#8243; _builder_version=&#8221;4.24.2&#8243; _module_preset=&#8221;default&#8221; global_colors_info=&#8221;{}&#8221;][et_pb_text admin_label=&#8221;BH&#8221; module_class=&#8221;texto&#8221; _builder_version=&#8221;4.24.2&#8243; _module_preset=&#8221;default&#8221; global_colors_info=&#8221;{}&#8221;]<\/p>\n<h4>Offices<\/h4>\n<h6>Belo Horizonte<\/h6>\n<p>Alameda Oscar Niemeyer, n\u00ba 119, 12\u00ba e 13\u00ba andares, Vila da Serra, Nova Lima \u2013 MG &#8211; Cep: 34.006-056<br \/>Tel:(31)3289-0900<\/p>\n<p>[\/et_pb_text][et_pb_text admin_label=&#8221;SP&#8221; module_class=&#8221;texto&#8221; _builder_version=&#8221;4.24.2&#8243; _module_preset=&#8221;default&#8221; global_colors_info=&#8221;{}&#8221;]<\/p>\n<h6>S\u00e3o Paulo<\/h6>\n<p>Av. Ang\u00e9lica n\u00ba 1996, 6\u00ba Andar. Ed. Ang\u00e9lica Business \u2013 Higien\u00f3polis S\u00e3o Paulo \u2013 SP &#8211; Cep: 01.228-200<br \/>Tel \/ Fax: (11)3061-1665<\/p>\n<p>[\/et_pb_text][et_pb_text admin_label=&#8221;RJ&#8221; module_class=&#8221;texto&#8221; _builder_version=&#8221;4.24.2&#8243; _module_preset=&#8221;default&#8221; hover_enabled=&#8221;0&#8243; global_colors_info=&#8221;{}&#8221; sticky_enabled=&#8221;0&#8243;]<\/p>\n<h6>Rio de Janeiro<\/h6>\n<p>Rua Lauro M\u00fcller, n\u00b0 116 \u2013 sala 605, Botafogo \u2013 Rio de Janeiro \u2013 RJ &#8211; Cep: 22.290-160<br \/>Tel: (21)3212-0100<\/p>\n<p>[\/et_pb_text][et_pb_text admin_label=&#8221;DF&#8221; module_class=&#8221;texto&#8221; _builder_version=&#8221;4.24.2&#8243; _module_preset=&#8221;default&#8221; global_colors_info=&#8221;{}&#8221;]<\/p>\n<h6>Bras\u00edlia<\/h6>\n<p>SHS Qd. 06 \u2013 Conj. A \u2013 Bloco A \u2013 Salas 403\/404 \u2013 Ed. Brasil XXI \u2013 Asa Sul Bras\u00edlia\/DF &#8211; CEP 70316.100<br \/>Tel \/ Fax: (61)3224-1655<\/p>\n<p>[\/et_pb_text][et_pb_text admin_label=&#8221;PA&#8221; module_class=&#8221;texto&#8221; _builder_version=&#8221;4.24.2&#8243; _module_preset=&#8221;default&#8221; global_colors_info=&#8221;{}&#8221;]<\/p>\n<h6>Bel\u00e9m<\/h6>\n<p>Av. Visconde de Souza Franco, 05, Sala 2102 \u2013 Edif\u00edcio Quadra \u2013 Corporate, Bairro Umarizal Bel\u00e9m\/PA &#8211; CEP 66.053-000<\/p>\n<p>[\/et_pb_text][\/et_pb_column][\/et_pb_row][\/et_pb_section]<\/p>\n","protected":false},"excerpt":{"rendered":"<p>OfficeSCMD operates throughout the national territory. On the map, see the units and correspondents across Brazil.Offices Belo Horizonte Alameda Oscar Niemeyer, n\u00ba 119, 12\u00ba e 13\u00ba andares, Vila da Serra, Nova Lima \u2013 MG &#8211; Cep: 34.006-056Tel:(31)3289-0900S\u00e3o Paulo Av. Ang\u00e9lica n\u00ba 1996, 6\u00ba Andar. Ed. Ang\u00e9lica Business \u2013 Higien\u00f3polis S\u00e3o Paulo \u2013 SP &#8211; Cep: [&hellip;]<\/p>\n","protected":false},"author":1,"featured_media":29351,"parent":12977,"menu_order":0,"comment_status":"open","ping_status":"closed","template":"","meta":{"_acf_changed":false,"_et_pb_use_builder":"on","_et_pb_old_content":"<h2>Cobertura Nacional<\/h2><p>[show-map id='1']<\/p>","_et_gb_content_width":"","footnotes":""},"class_list":["post-12982","page","type-page","status-publish","has-post-thumbnail","hentry"],"acf":[],"yoast_head":"<!-- This site is optimized with the Yoast SEO plugin v23.3 - https:\/\/yoast.com\/wordpress\/plugins\/seo\/ -->\n<title>Unidades: cobertura nacional<\/title>\n<meta name=\"description\" content=\"O Sacha Calmon - Misabel Derzi possui unidades em Belo Horizonte (MG), Rio de Janeiro, S\u00e3o Paulo e Bras\u00edlia (DF) e correspondentes em todo o Brasil.\" \/>\n<meta name=\"robots\" content=\"index, follow, max-snippet:-1, max-image-preview:large, max-video-preview:-1\" \/>\n<link rel=\"canonical\" href=\"https:\/\/sachacalmon.com.br\/en\/about\/structure\/\" \/>\n<meta property=\"og:locale\" content=\"en_US\" \/>\n<meta property=\"og:type\" content=\"article\" \/>\n<meta property=\"og:title\" content=\"Unidades: cobertura nacional\" \/>\n<meta property=\"og:description\" content=\"O Sacha Calmon - Misabel Derzi possui unidades em Belo Horizonte (MG), Rio de Janeiro, S\u00e3o Paulo e Bras\u00edlia (DF) e correspondentes em todo o Brasil.\" \/>\n<meta property=\"og:url\" content=\"https:\/\/sachacalmon.com.br\/en\/about\/structure\/\" \/>\n<meta property=\"og:site_name\" content=\"Sacha Calmon Misabel Derzi Advogados\" \/>\n<meta property=\"article:publisher\" content=\"https:\/\/www.facebook.com\/scalmonmderzi\" \/>\n<meta property=\"article:modified_time\" content=\"2024-09-25T17:03:08+00:00\" \/>\n<meta property=\"og:image\" content=\"https:\/\/sachacalmon.com.br\/wp-content\/uploads\/2010\/05\/bg-areas-atuacao-sacha-calmon.jpg\" \/>\n\t<meta property=\"og:image:width\" content=\"2000\" \/>\n\t<meta property=\"og:image:height\" content=\"538\" \/>\n\t<meta property=\"og:image:type\" content=\"image\/jpeg\" \/>\n<meta name=\"twitter:label1\" content=\"Est. reading time\" \/>\n\t<meta name=\"twitter:data1\" content=\"2 minutes\" \/>\n<script type=\"application\/ld+json\" class=\"yoast-schema-graph\">{\"@context\":\"https:\/\/schema.org\",\"@graph\":[{\"@type\":\"WebPage\",\"@id\":\"https:\/\/sachacalmon.com.br\/en\/about\/structure\/\",\"url\":\"https:\/\/sachacalmon.com.br\/en\/about\/structure\/\",\"name\":\"Unidades: cobertura nacional\",\"isPartOf\":{\"@id\":\"https:\/\/sachacalmon.com.br\/#website\"},\"primaryImageOfPage\":{\"@id\":\"https:\/\/sachacalmon.com.br\/en\/about\/structure\/#primaryimage\"},\"image\":{\"@id\":\"https:\/\/sachacalmon.com.br\/en\/about\/structure\/#primaryimage\"},\"thumbnailUrl\":\"https:\/\/sachacalmon.com.br\/wp-content\/uploads\/2010\/05\/bg-areas-atuacao-sacha-calmon.jpg\",\"datePublished\":\"2014-11-14T15:46:00+00:00\",\"dateModified\":\"2024-09-25T17:03:08+00:00\",\"description\":\"O Sacha Calmon - Misabel Derzi possui unidades em Belo Horizonte (MG), Rio de Janeiro, S\u00e3o Paulo e Bras\u00edlia (DF) e correspondentes em todo o Brasil.\",\"breadcrumb\":{\"@id\":\"https:\/\/sachacalmon.com.br\/en\/about\/structure\/#breadcrumb\"},\"inLanguage\":\"en-US\",\"potentialAction\":[{\"@type\":\"ReadAction\",\"target\":[\"https:\/\/sachacalmon.com.br\/en\/about\/structure\/\"]}]},{\"@type\":\"ImageObject\",\"inLanguage\":\"en-US\",\"@id\":\"https:\/\/sachacalmon.com.br\/en\/about\/structure\/#primaryimage\",\"url\":\"https:\/\/sachacalmon.com.br\/wp-content\/uploads\/2010\/05\/bg-areas-atuacao-sacha-calmon.jpg\",\"contentUrl\":\"https:\/\/sachacalmon.com.br\/wp-content\/uploads\/2010\/05\/bg-areas-atuacao-sacha-calmon.jpg\",\"width\":2000,\"height\":538},{\"@type\":\"BreadcrumbList\",\"@id\":\"https:\/\/sachacalmon.com.br\/en\/about\/structure\/#breadcrumb\",\"itemListElement\":[{\"@type\":\"ListItem\",\"position\":1,\"name\":\"About Us\",\"item\":\"https:\/\/sachacalmon.com.br\/en\/about\/\"},{\"@type\":\"ListItem\",\"position\":2,\"name\":\"Offices\"}]},{\"@type\":\"WebSite\",\"@id\":\"https:\/\/sachacalmon.com.br\/#website\",\"url\":\"https:\/\/sachacalmon.com.br\/\",\"name\":\"Sacha Calmon Misabel Derzi Advogados\",\"description\":\"Refer\u00eancia Nacional em Direito Tribut\u00e1rio, o Sacha Calmon Misabel Derzi atua em todo o territ\u00f3rio nacional e conta com unidades em BH, SP, RJ e DF.\",\"publisher\":{\"@id\":\"https:\/\/sachacalmon.com.br\/#organization\"},\"alternateName\":\"Sacha Calmon Misabel Derzi Consultores e Advogados\",\"potentialAction\":[{\"@type\":\"SearchAction\",\"target\":{\"@type\":\"EntryPoint\",\"urlTemplate\":\"https:\/\/sachacalmon.com.br\/?s={search_term_string}\"},\"query-input\":\"required name=search_term_string\"}],\"inLanguage\":\"en-US\"},{\"@type\":\"Organization\",\"@id\":\"https:\/\/sachacalmon.com.br\/#organization\",\"name\":\"Sacha Calmon Misabel Derzi Advogados\",\"url\":\"https:\/\/sachacalmon.com.br\/\",\"logo\":{\"@type\":\"ImageObject\",\"inLanguage\":\"en-US\",\"@id\":\"https:\/\/sachacalmon.com.br\/#\/schema\/logo\/image\/\",\"url\":\"https:\/\/sachacalmon.com.br\/wp-content\/uploads\/2024\/07\/Group-7.png\",\"contentUrl\":\"https:\/\/sachacalmon.com.br\/wp-content\/uploads\/2024\/07\/Group-7.png\",\"width\":457,\"height\":126,\"caption\":\"Sacha Calmon Misabel Derzi Advogados\"},\"image\":{\"@id\":\"https:\/\/sachacalmon.com.br\/#\/schema\/logo\/image\/\"},\"sameAs\":[\"https:\/\/www.facebook.com\/scalmonmderzi\",\"https:\/\/www.instagram.com\/sachacalmon_advogados\/\",\"https:\/\/www.linkedin.com\/company\/scmd\/\",\"https:\/\/vimeo.com\/sachacalmon\"]}]}<\/script>\n<!-- \/ Yoast SEO plugin. -->","yoast_head_json":{"title":"Unidades: cobertura nacional","description":"O Sacha Calmon - Misabel Derzi possui unidades em Belo Horizonte (MG), Rio de Janeiro, S\u00e3o Paulo e Bras\u00edlia (DF) e correspondentes em todo o Brasil.","robots":{"index":"index","follow":"follow","max-snippet":"max-snippet:-1","max-image-preview":"max-image-preview:large","max-video-preview":"max-video-preview:-1"},"canonical":"https:\/\/sachacalmon.com.br\/en\/about\/structure\/","og_locale":"en_US","og_type":"article","og_title":"Unidades: cobertura nacional","og_description":"O Sacha Calmon - Misabel Derzi possui unidades em Belo Horizonte (MG), Rio de Janeiro, S\u00e3o Paulo e Bras\u00edlia (DF) e correspondentes em todo o Brasil.","og_url":"https:\/\/sachacalmon.com.br\/en\/about\/structure\/","og_site_name":"Sacha Calmon Misabel Derzi Advogados","article_publisher":"https:\/\/www.facebook.com\/scalmonmderzi","article_modified_time":"2024-09-25T17:03:08+00:00","og_image":[{"width":2000,"height":538,"url":"https:\/\/sachacalmon.com.br\/wp-content\/uploads\/2010\/05\/bg-areas-atuacao-sacha-calmon.jpg","type":"image\/jpeg"}],"twitter_misc":{"Est. reading time":"2 minutes"},"schema":{"@context":"https:\/\/schema.org","@graph":[{"@type":"WebPage","@id":"https:\/\/sachacalmon.com.br\/en\/about\/structure\/","url":"https:\/\/sachacalmon.com.br\/en\/about\/structure\/","name":"Unidades: cobertura nacional","isPartOf":{"@id":"https:\/\/sachacalmon.com.br\/#website"},"primaryImageOfPage":{"@id":"https:\/\/sachacalmon.com.br\/en\/about\/structure\/#primaryimage"},"image":{"@id":"https:\/\/sachacalmon.com.br\/en\/about\/structure\/#primaryimage"},"thumbnailUrl":"https:\/\/sachacalmon.com.br\/wp-content\/uploads\/2010\/05\/bg-areas-atuacao-sacha-calmon.jpg","datePublished":"2014-11-14T15:46:00+00:00","dateModified":"2024-09-25T17:03:08+00:00","description":"O Sacha Calmon - Misabel Derzi possui unidades em Belo Horizonte (MG), Rio de Janeiro, S\u00e3o Paulo e Bras\u00edlia (DF) e correspondentes em todo o Brasil.","breadcrumb":{"@id":"https:\/\/sachacalmon.com.br\/en\/about\/structure\/#breadcrumb"},"inLanguage":"en-US","potentialAction":[{"@type":"ReadAction","target":["https:\/\/sachacalmon.com.br\/en\/about\/structure\/"]}]},{"@type":"ImageObject","inLanguage":"en-US","@id":"https:\/\/sachacalmon.com.br\/en\/about\/structure\/#primaryimage","url":"https:\/\/sachacalmon.com.br\/wp-content\/uploads\/2010\/05\/bg-areas-atuacao-sacha-calmon.jpg","contentUrl":"https:\/\/sachacalmon.com.br\/wp-content\/uploads\/2010\/05\/bg-areas-atuacao-sacha-calmon.jpg","width":2000,"height":538},{"@type":"BreadcrumbList","@id":"https:\/\/sachacalmon.com.br\/en\/about\/structure\/#breadcrumb","itemListElement":[{"@type":"ListItem","position":1,"name":"About Us","item":"https:\/\/sachacalmon.com.br\/en\/about\/"},{"@type":"ListItem","position":2,"name":"Offices"}]},{"@type":"WebSite","@id":"https:\/\/sachacalmon.com.br\/#website","url":"https:\/\/sachacalmon.com.br\/","name":"Sacha Calmon Misabel Derzi Advogados","description":"Refer\u00eancia Nacional em Direito Tribut\u00e1rio, o Sacha Calmon Misabel Derzi atua em todo o territ\u00f3rio nacional e conta com unidades em BH, SP, RJ e DF.","publisher":{"@id":"https:\/\/sachacalmon.com.br\/#organization"},"alternateName":"Sacha Calmon Misabel Derzi Consultores e Advogados","potentialAction":[{"@type":"SearchAction","target":{"@type":"EntryPoint","urlTemplate":"https:\/\/sachacalmon.com.br\/?s={search_term_string}"},"query-input":"required name=search_term_string"}],"inLanguage":"en-US"},{"@type":"Organization","@id":"https:\/\/sachacalmon.com.br\/#organization","name":"Sacha Calmon Misabel Derzi Advogados","url":"https:\/\/sachacalmon.com.br\/","logo":{"@type":"ImageObject","inLanguage":"en-US","@id":"https:\/\/sachacalmon.com.br\/#\/schema\/logo\/image\/","url":"https:\/\/sachacalmon.com.br\/wp-content\/uploads\/2024\/07\/Group-7.png","contentUrl":"https:\/\/sachacalmon.com.br\/wp-content\/uploads\/2024\/07\/Group-7.png","width":457,"height":126,"caption":"Sacha Calmon Misabel Derzi Advogados"},"image":{"@id":"https:\/\/sachacalmon.com.br\/#\/schema\/logo\/image\/"},"sameAs":["https:\/\/www.facebook.com\/scalmonmderzi","https:\/\/www.instagram.com\/sachacalmon_advogados\/","https:\/\/www.linkedin.com\/company\/scmd\/","https:\/\/vimeo.com\/sachacalmon"]}]}},"_links":{"self":[{"href":"https:\/\/sachacalmon.com.br\/en\/wp-json\/wp\/v2\/pages\/12982"}],"collection":[{"href":"https:\/\/sachacalmon.com.br\/en\/wp-json\/wp\/v2\/pages"}],"about":[{"href":"https:\/\/sachacalmon.com.br\/en\/wp-json\/wp\/v2\/types\/page"}],"author":[{"embeddable":true,"href":"https:\/\/sachacalmon.com.br\/en\/wp-json\/wp\/v2\/users\/1"}],"replies":[{"embeddable":true,"href":"https:\/\/sachacalmon.com.br\/en\/wp-json\/wp\/v2\/comments?post=12982"}],"version-history":[{"count":9,"href":"https:\/\/sachacalmon.com.br\/en\/wp-json\/wp\/v2\/pages\/12982\/revisions"}],"predecessor-version":[{"id":37075,"href":"https:\/\/sachacalmon.com.br\/en\/wp-json\/wp\/v2\/pages\/12982\/revisions\/37075"}],"up":[{"embeddable":true,"href":"https:\/\/sachacalmon.com.br\/en\/wp-json\/wp\/v2\/pages\/12977"}],"wp:featuredmedia":[{"embeddable":true,"href":"https:\/\/sachacalmon.com.br\/en\/wp-json\/wp\/v2\/media\/29351"}],"wp:attachment":[{"href":"https:\/\/sachacalmon.com.br\/en\/wp-json\/wp\/v2\/media?parent=12982"}],"curies":[{"name":"wp","href":"https:\/\/api.w.org\/{rel}","templated":true}]}}