{"id":12988,"date":"2014-11-20T20:58:35","date_gmt":"2014-11-20T22:58:35","guid":{"rendered":"https:\/\/sachacalmon.com.br\/?page_id=12988"},"modified":"2024-04-04T10:05:10","modified_gmt":"2024-04-04T13:05:10","slug":"area-of-operations","status":"publish","type":"page","link":"https:\/\/sachacalmon.com.br\/en\/area-of-operations\/","title":{"rendered":"Area of operations"},"content":{"rendered":"<p>[et_pb_section fb_built=&#8221;1&#8243; admin_label=&#8221;Topo&#8221; module_class=&#8221;topo&#8221; _builder_version=&#8221;4.24.2&#8243; _module_preset=&#8221;default&#8221; background_image=&#8221;https:\/\/sachacalmon.com.br\/wp-content\/uploads\/2024\/03\/topo.jpg&#8221; background_size=&#8221;custom&#8221; background_image_width=&#8221;100%&#8221; background_image_height=&#8221;100%&#8221; background_position=&#8221;bottom_center&#8221; custom_padding=&#8221;180px||25px||false|false&#8221; border_width_top=&#8221;5px&#8221; border_color_top=&#8221;#be883e&#8221; global_colors_info=&#8221;{}&#8221;][et_pb_row _builder_version=&#8221;4.24.2&#8243; _module_preset=&#8221;default&#8221; global_colors_info=&#8221;{}&#8221;][et_pb_column type=&#8221;4_4&#8243; _builder_version=&#8221;4.24.2&#8243; _module_preset=&#8221;default&#8221; global_colors_info=&#8221;{}&#8221;][et_pb_text module_class=&#8221;titulo&#8221; _builder_version=&#8221;4.24.2&#8243; _module_preset=&#8221;default&#8221; global_colors_info=&#8221;{}&#8221;]<\/p>\n<h1>Practice<\/h1>\n<p>[\/et_pb_text][\/et_pb_column][\/et_pb_row][\/et_pb_section][et_pb_section fb_built=&#8221;1&#8243; admin_label=&#8221;Atua\u00e7\u00e3o&#8221; module_class=&#8221;areas&#8221; _builder_version=&#8221;4.24.2&#8243; _module_preset=&#8221;default&#8221; background_image=&#8221;https:\/\/sachacalmon.com.br\/wp-content\/uploads\/2024\/03\/atuacao.jpg&#8221; background_size=&#8221;custom&#8221; background_image_width=&#8221;100%&#8221; background_image_height=&#8221;100%&#8221; global_colors_info=&#8221;{}&#8221;][et_pb_row column_structure=&#8221;2_5,3_5&#8243; _builder_version=&#8221;4.24.2&#8243; _module_preset=&#8221;default&#8221; max_width=&#8221;980px&#8221; custom_css_main_element=&#8221;display: flex;||align-items: flex-start;||flex-wrap: nowrap;&#8221; global_colors_info=&#8221;{}&#8221; custom_css_main_element_last_edited=&#8221;on|desktop&#8221; custom_css_main_element_tablet=&#8221;display: flex;||align-items: center;||flex-wrap: nowrap;&#8221; custom_css_main_element_phone=&#8221;display: flex;||align-items: center;||flex-wrap: wrap;&#8221;][et_pb_column type=&#8221;2_5&#8243; _builder_version=&#8221;4.24.2&#8243; _module_preset=&#8221;default&#8221; global_colors_info=&#8221;{}&#8221;][et_pb_text module_class=&#8221;texto&#8221; _builder_version=&#8221;4.24.2&#8243; _module_preset=&#8221;default&#8221; hover_enabled=&#8221;0&#8243; global_colors_info=&#8221;{}&#8221; sticky_enabled=&#8221;0&#8243;]<\/p>\n<h3>SPECIALIZED IN<\/h3>\n<h2>Tax<\/h2>\n<h2>Law<\/h2>\n<p>[\/et_pb_text][\/et_pb_column][et_pb_column type=&#8221;3_5&#8243; _builder_version=&#8221;4.24.2&#8243; _module_preset=&#8221;default&#8221; global_colors_info=&#8221;{}&#8221;][et_pb_text module_class=&#8221;texto&#8221; _builder_version=&#8221;4.24.2&#8243; _module_preset=&#8221;default&#8221; border_color_bottom=&#8221;#be883e&#8221; global_colors_info=&#8221;{}&#8221;]<\/p>\n<p>Sacha Calmon \u2013 Misabel Derzi Consultores e Advogados is a firm specialized in the practice of Tax Law, both in litigation (judicial and administrative) and counseling (drafting of legal opinions and advices).<\/p>\n<p>The firm caters to various sectors of the economy, especially in the segments of Telecommunications, Steel, Mining, Oil and Petrochemical, Energy, Financial Markets, Wholesale Trade, Construction, Private Security and Transport.<\/p>\n<p>Our team consists of an extraordinary group of professionals, including renowned professors, who have vast experience in Tax Law. It is divided in smaller teams by economic sector, what guarantees that our professionals have broad domain of the client\u2019s core business.<\/p>\n<p>[\/et_pb_text][\/et_pb_column][\/et_pb_row][et_pb_row _builder_version=&#8221;4.24.2&#8243; _module_preset=&#8221;default&#8221; max_width=&#8221;980px&#8221; global_colors_info=&#8221;{}&#8221;][et_pb_column type=&#8221;4_4&#8243; _builder_version=&#8221;4.24.2&#8243; _module_preset=&#8221;default&#8221; global_colors_info=&#8221;{}&#8221;][et_pb_text module_class=&#8221;texto&#8221; _builder_version=&#8221;4.24.2&#8243; _module_preset=&#8221;default&#8221; hover_enabled=&#8221;0&#8243; global_colors_info=&#8221;{}&#8221; sticky_enabled=&#8221;0&#8243;]<\/p>\n<h4>Judicial and Administrative Litigation<\/h4>\n<ul>\n<li>Defending or presenting petitions before Courts; Risk and Strategic analysis;<\/li>\n<li>Close relationship with the client\u2019s staff and accounting department;<\/li>\n<li>Preparation of periodic reports according to the pattern determined by the client;<\/li>\n<li>Periodical update and follow-up of the cases;<\/li>\n<li>Representation in leading cases through personal presence of the partners in the Higher Courts (STJ and STF);<\/li>\n<li>Cases follow-up in the Higher Courts (STJ and STF).<\/li>\n<\/ul>\n<h4>Legal Consulting and Issuance of Legal Opinions<\/h4>\n<ul>\n<li>Consultancy through legal opinions drafted on the most diverse tax problems;<\/li>\n<li>Issuance of legal opinions on highly complex tax matters;<\/li>\n<li>Tax planning.<\/li>\n<\/ul>\n<p>[\/et_pb_text][\/et_pb_column][\/et_pb_row][\/et_pb_section]<\/p>\n","protected":false},"excerpt":{"rendered":"<p>PracticeSPECIALIZED IN Tax LawSacha Calmon \u2013 Misabel Derzi Consultores e Advogados is a firm specialized in the practice of Tax Law, both in litigation (judicial and administrative) and counseling (drafting of legal opinions and advices). The firm caters to various sectors of the economy, especially in the segments of Telecommunications, Steel, Mining, Oil and Petrochemical, [&hellip;]<\/p>\n","protected":false},"author":1,"featured_media":13886,"parent":0,"menu_order":2,"comment_status":"closed","ping_status":"closed","template":"","meta":{"_acf_changed":false,"_et_pb_use_builder":"on","_et_pb_old_content":"","_et_gb_content_width":"","footnotes":""},"class_list":["post-12988","page","type-page","status-publish","has-post-thumbnail","hentry"],"acf":[],"yoast_head":"<!-- This site is optimized with the Yoast SEO plugin v23.3 - https:\/\/yoast.com\/wordpress\/plugins\/seo\/ -->\n<title>Areas of practice: excellence in Tax Law<\/title>\n<meta name=\"description\" content=\"Specializing in Tax Law, the Sacha Calmon Misabel Derzi works with Judicial and Administrative Litigation, Consulting, and Legal Opinions.\" \/>\n<meta name=\"robots\" content=\"index, follow, max-snippet:-1, max-image-preview:large, max-video-preview:-1\" \/>\n<link rel=\"canonical\" href=\"https:\/\/sachacalmon.com.br\/en\/area-of-operations\/\" \/>\n<meta property=\"og:locale\" content=\"en_US\" \/>\n<meta property=\"og:type\" content=\"article\" \/>\n<meta property=\"og:title\" content=\"Areas of practice: excellence in Tax Law\" \/>\n<meta property=\"og:description\" content=\"Specializing in Tax Law, the Sacha Calmon Misabel Derzi works with Judicial and Administrative Litigation, Consulting, and Legal Opinions.\" \/>\n<meta property=\"og:url\" content=\"https:\/\/sachacalmon.com.br\/en\/area-of-operations\/\" \/>\n<meta property=\"og:site_name\" content=\"Sacha Calmon Misabel Derzi Advogados\" \/>\n<meta property=\"article:publisher\" content=\"https:\/\/www.facebook.com\/scalmonmderzi\" \/>\n<meta property=\"article:modified_time\" content=\"2024-04-04T13:05:10+00:00\" \/>\n<meta property=\"og:image\" content=\"https:\/\/sachacalmon.com.br\/wp-content\/uploads\/2010\/05\/bg-areas-atuacao-sacha-calmon.jpg\" \/>\n\t<meta property=\"og:image:width\" content=\"2000\" \/>\n\t<meta property=\"og:image:height\" content=\"538\" \/>\n\t<meta property=\"og:image:type\" content=\"image\/jpeg\" \/>\n<meta name=\"twitter:label1\" content=\"Est. reading time\" \/>\n\t<meta name=\"twitter:data1\" content=\"3 minutes\" \/>\n<script type=\"application\/ld+json\" class=\"yoast-schema-graph\">{\"@context\":\"https:\/\/schema.org\",\"@graph\":[{\"@type\":\"WebPage\",\"@id\":\"https:\/\/sachacalmon.com.br\/en\/area-of-operations\/\",\"url\":\"https:\/\/sachacalmon.com.br\/en\/area-of-operations\/\",\"name\":\"Areas of practice: excellence in Tax Law\",\"isPartOf\":{\"@id\":\"https:\/\/sachacalmon.com.br\/#website\"},\"primaryImageOfPage\":{\"@id\":\"https:\/\/sachacalmon.com.br\/en\/area-of-operations\/#primaryimage\"},\"image\":{\"@id\":\"https:\/\/sachacalmon.com.br\/en\/area-of-operations\/#primaryimage\"},\"thumbnailUrl\":\"https:\/\/sachacalmon.com.br\/wp-content\/uploads\/2010\/05\/bg-areas-atuacao-sacha-calmon.jpg\",\"datePublished\":\"2014-11-20T22:58:35+00:00\",\"dateModified\":\"2024-04-04T13:05:10+00:00\",\"description\":\"Specializing in Tax Law, the Sacha Calmon Misabel Derzi works with Judicial and Administrative Litigation, Consulting, and Legal Opinions.\",\"inLanguage\":\"en-US\",\"potentialAction\":[{\"@type\":\"ReadAction\",\"target\":[\"https:\/\/sachacalmon.com.br\/en\/area-of-operations\/\"]}]},{\"@type\":\"ImageObject\",\"inLanguage\":\"en-US\",\"@id\":\"https:\/\/sachacalmon.com.br\/en\/area-of-operations\/#primaryimage\",\"url\":\"https:\/\/sachacalmon.com.br\/wp-content\/uploads\/2010\/05\/bg-areas-atuacao-sacha-calmon.jpg\",\"contentUrl\":\"https:\/\/sachacalmon.com.br\/wp-content\/uploads\/2010\/05\/bg-areas-atuacao-sacha-calmon.jpg\",\"width\":2000,\"height\":538},{\"@type\":\"WebSite\",\"@id\":\"https:\/\/sachacalmon.com.br\/#website\",\"url\":\"https:\/\/sachacalmon.com.br\/\",\"name\":\"Sacha Calmon Misabel Derzi Advogados\",\"description\":\"Refer\u00eancia Nacional em Direito Tribut\u00e1rio, o Sacha Calmon Misabel Derzi atua em todo o territ\u00f3rio nacional e conta com unidades em BH, SP, RJ e DF.\",\"publisher\":{\"@id\":\"https:\/\/sachacalmon.com.br\/#organization\"},\"alternateName\":\"Sacha Calmon Misabel Derzi Consultores e Advogados\",\"potentialAction\":[{\"@type\":\"SearchAction\",\"target\":{\"@type\":\"EntryPoint\",\"urlTemplate\":\"https:\/\/sachacalmon.com.br\/?s={search_term_string}\"},\"query-input\":\"required name=search_term_string\"}],\"inLanguage\":\"en-US\"},{\"@type\":\"Organization\",\"@id\":\"https:\/\/sachacalmon.com.br\/#organization\",\"name\":\"Sacha Calmon Misabel Derzi Advogados\",\"url\":\"https:\/\/sachacalmon.com.br\/\",\"logo\":{\"@type\":\"ImageObject\",\"inLanguage\":\"en-US\",\"@id\":\"https:\/\/sachacalmon.com.br\/#\/schema\/logo\/image\/\",\"url\":\"https:\/\/sachacalmon.com.br\/wp-content\/uploads\/2024\/07\/Group-7.png\",\"contentUrl\":\"https:\/\/sachacalmon.com.br\/wp-content\/uploads\/2024\/07\/Group-7.png\",\"width\":457,\"height\":126,\"caption\":\"Sacha Calmon Misabel Derzi Advogados\"},\"image\":{\"@id\":\"https:\/\/sachacalmon.com.br\/#\/schema\/logo\/image\/\"},\"sameAs\":[\"https:\/\/www.facebook.com\/scalmonmderzi\",\"https:\/\/www.instagram.com\/sachacalmon_advogados\/\",\"https:\/\/www.linkedin.com\/company\/scmd\/\",\"https:\/\/vimeo.com\/sachacalmon\"]}]}<\/script>\n<!-- \/ Yoast SEO plugin. -->","yoast_head_json":{"title":"Areas of practice: excellence in Tax Law","description":"Specializing in Tax Law, the Sacha Calmon Misabel Derzi works with Judicial and Administrative Litigation, Consulting, and Legal Opinions.","robots":{"index":"index","follow":"follow","max-snippet":"max-snippet:-1","max-image-preview":"max-image-preview:large","max-video-preview":"max-video-preview:-1"},"canonical":"https:\/\/sachacalmon.com.br\/en\/area-of-operations\/","og_locale":"en_US","og_type":"article","og_title":"Areas of practice: excellence in Tax Law","og_description":"Specializing in Tax Law, the Sacha Calmon Misabel Derzi works with Judicial and Administrative Litigation, Consulting, and Legal Opinions.","og_url":"https:\/\/sachacalmon.com.br\/en\/area-of-operations\/","og_site_name":"Sacha Calmon Misabel Derzi Advogados","article_publisher":"https:\/\/www.facebook.com\/scalmonmderzi","article_modified_time":"2024-04-04T13:05:10+00:00","og_image":[{"width":2000,"height":538,"url":"https:\/\/sachacalmon.com.br\/wp-content\/uploads\/2010\/05\/bg-areas-atuacao-sacha-calmon.jpg","type":"image\/jpeg"}],"twitter_misc":{"Est. reading time":"3 minutes"},"schema":{"@context":"https:\/\/schema.org","@graph":[{"@type":"WebPage","@id":"https:\/\/sachacalmon.com.br\/en\/area-of-operations\/","url":"https:\/\/sachacalmon.com.br\/en\/area-of-operations\/","name":"Areas of practice: excellence in Tax Law","isPartOf":{"@id":"https:\/\/sachacalmon.com.br\/#website"},"primaryImageOfPage":{"@id":"https:\/\/sachacalmon.com.br\/en\/area-of-operations\/#primaryimage"},"image":{"@id":"https:\/\/sachacalmon.com.br\/en\/area-of-operations\/#primaryimage"},"thumbnailUrl":"https:\/\/sachacalmon.com.br\/wp-content\/uploads\/2010\/05\/bg-areas-atuacao-sacha-calmon.jpg","datePublished":"2014-11-20T22:58:35+00:00","dateModified":"2024-04-04T13:05:10+00:00","description":"Specializing in Tax Law, the Sacha Calmon Misabel Derzi works with Judicial and Administrative Litigation, Consulting, and Legal Opinions.","inLanguage":"en-US","potentialAction":[{"@type":"ReadAction","target":["https:\/\/sachacalmon.com.br\/en\/area-of-operations\/"]}]},{"@type":"ImageObject","inLanguage":"en-US","@id":"https:\/\/sachacalmon.com.br\/en\/area-of-operations\/#primaryimage","url":"https:\/\/sachacalmon.com.br\/wp-content\/uploads\/2010\/05\/bg-areas-atuacao-sacha-calmon.jpg","contentUrl":"https:\/\/sachacalmon.com.br\/wp-content\/uploads\/2010\/05\/bg-areas-atuacao-sacha-calmon.jpg","width":2000,"height":538},{"@type":"WebSite","@id":"https:\/\/sachacalmon.com.br\/#website","url":"https:\/\/sachacalmon.com.br\/","name":"Sacha Calmon Misabel Derzi Advogados","description":"Refer\u00eancia Nacional em Direito Tribut\u00e1rio, o Sacha Calmon Misabel Derzi atua em todo o territ\u00f3rio nacional e conta com unidades em BH, SP, RJ e DF.","publisher":{"@id":"https:\/\/sachacalmon.com.br\/#organization"},"alternateName":"Sacha Calmon Misabel Derzi Consultores e Advogados","potentialAction":[{"@type":"SearchAction","target":{"@type":"EntryPoint","urlTemplate":"https:\/\/sachacalmon.com.br\/?s={search_term_string}"},"query-input":"required name=search_term_string"}],"inLanguage":"en-US"},{"@type":"Organization","@id":"https:\/\/sachacalmon.com.br\/#organization","name":"Sacha Calmon Misabel Derzi Advogados","url":"https:\/\/sachacalmon.com.br\/","logo":{"@type":"ImageObject","inLanguage":"en-US","@id":"https:\/\/sachacalmon.com.br\/#\/schema\/logo\/image\/","url":"https:\/\/sachacalmon.com.br\/wp-content\/uploads\/2024\/07\/Group-7.png","contentUrl":"https:\/\/sachacalmon.com.br\/wp-content\/uploads\/2024\/07\/Group-7.png","width":457,"height":126,"caption":"Sacha Calmon Misabel Derzi Advogados"},"image":{"@id":"https:\/\/sachacalmon.com.br\/#\/schema\/logo\/image\/"},"sameAs":["https:\/\/www.facebook.com\/scalmonmderzi","https:\/\/www.instagram.com\/sachacalmon_advogados\/","https:\/\/www.linkedin.com\/company\/scmd\/","https:\/\/vimeo.com\/sachacalmon"]}]}},"_links":{"self":[{"href":"https:\/\/sachacalmon.com.br\/en\/wp-json\/wp\/v2\/pages\/12988"}],"collection":[{"href":"https:\/\/sachacalmon.com.br\/en\/wp-json\/wp\/v2\/pages"}],"about":[{"href":"https:\/\/sachacalmon.com.br\/en\/wp-json\/wp\/v2\/types\/page"}],"author":[{"embeddable":true,"href":"https:\/\/sachacalmon.com.br\/en\/wp-json\/wp\/v2\/users\/1"}],"replies":[{"embeddable":true,"href":"https:\/\/sachacalmon.com.br\/en\/wp-json\/wp\/v2\/comments?post=12988"}],"version-history":[{"count":4,"href":"https:\/\/sachacalmon.com.br\/en\/wp-json\/wp\/v2\/pages\/12988\/revisions"}],"predecessor-version":[{"id":36269,"href":"https:\/\/sachacalmon.com.br\/en\/wp-json\/wp\/v2\/pages\/12988\/revisions\/36269"}],"wp:featuredmedia":[{"embeddable":true,"href":"https:\/\/sachacalmon.com.br\/en\/wp-json\/wp\/v2\/media\/13886"}],"wp:attachment":[{"href":"https:\/\/sachacalmon.com.br\/en\/wp-json\/wp\/v2\/media?parent=12988"}],"curies":[{"name":"wp","href":"https:\/\/api.w.org\/{rel}","templated":true}]}}