{"id":12989,"date":"2014-11-20T21:08:32","date_gmt":"2014-11-20T23:08:32","guid":{"rendered":"https:\/\/sachacalmon.com.br\/?page_id=12989"},"modified":"2014-12-16T10:14:32","modified_gmt":"2014-12-16T12:14:32","slug":"publications","status":"publish","type":"page","link":"https:\/\/sachacalmon.com.br\/en\/publications\/","title":{"rendered":"Publications"},"content":{"rendered":"","protected":false},"excerpt":{"rendered":"","protected":false},"author":1,"featured_media":13091,"parent":0,"menu_order":0,"comment_status":"open","ping_status":"closed","template":"","meta":{"_acf_changed":false,"_et_pb_use_builder":"on","_et_pb_old_content":"","_et_gb_content_width":"","footnotes":""},"class_list":["post-12989","page","type-page","status-publish","has-post-thumbnail","hentry"],"acf":[],"yoast_head":"<!-- This site is optimized with the Yoast SEO plugin v23.3 - https:\/\/yoast.com\/wordpress\/plugins\/seo\/ -->\n<title>Publications<\/title>\n<meta name=\"robots\" content=\"index, follow, max-snippet:-1, max-image-preview:large, max-video-preview:-1\" \/>\n<link rel=\"canonical\" href=\"https:\/\/sachacalmon.com.br\/en\/publications\/\" \/>\n<meta property=\"og:locale\" content=\"en_US\" \/>\n<meta property=\"og:type\" content=\"article\" \/>\n<meta property=\"og:title\" content=\"Publications\" \/>\n<meta property=\"og:url\" content=\"https:\/\/sachacalmon.com.br\/en\/publications\/\" \/>\n<meta property=\"og:site_name\" content=\"Sacha Calmon Misabel Derzi Advogados\" \/>\n<meta property=\"article:publisher\" content=\"https:\/\/www.facebook.com\/scalmonmderzi\" \/>\n<meta property=\"article:modified_time\" content=\"2014-12-16T12:14:32+00:00\" \/>\n<meta property=\"og:image\" content=\"https:\/\/sachacalmon.com.br\/wp-content\/uploads\/2010\/06\/publicacoes-destacada.jpg\" \/>\n\t<meta property=\"og:image:width\" content=\"2000\" \/>\n\t<meta property=\"og:image:height\" content=\"729\" \/>\n\t<meta property=\"og:image:type\" content=\"image\/jpeg\" \/>\n<script type=\"application\/ld+json\" class=\"yoast-schema-graph\">{\"@context\":\"https:\/\/schema.org\",\"@graph\":[{\"@type\":\"WebPage\",\"@id\":\"https:\/\/sachacalmon.com.br\/en\/publications\/\",\"url\":\"https:\/\/sachacalmon.com.br\/en\/publications\/\",\"name\":\"Publications\",\"isPartOf\":{\"@id\":\"https:\/\/sachacalmon.com.br\/#website\"},\"primaryImageOfPage\":{\"@id\":\"https:\/\/sachacalmon.com.br\/en\/publications\/#primaryimage\"},\"image\":{\"@id\":\"https:\/\/sachacalmon.com.br\/en\/publications\/#primaryimage\"},\"thumbnailUrl\":\"https:\/\/sachacalmon.com.br\/wp-content\/uploads\/2010\/06\/publicacoes-destacada.jpg\",\"datePublished\":\"2014-11-20T23:08:32+00:00\",\"dateModified\":\"2014-12-16T12:14:32+00:00\",\"inLanguage\":\"en-US\",\"potentialAction\":[{\"@type\":\"ReadAction\",\"target\":[\"https:\/\/sachacalmon.com.br\/en\/publications\/\"]}]},{\"@type\":\"ImageObject\",\"inLanguage\":\"en-US\",\"@id\":\"https:\/\/sachacalmon.com.br\/en\/publications\/#primaryimage\",\"url\":\"https:\/\/sachacalmon.com.br\/wp-content\/uploads\/2010\/06\/publicacoes-destacada.jpg\",\"contentUrl\":\"https:\/\/sachacalmon.com.br\/wp-content\/uploads\/2010\/06\/publicacoes-destacada.jpg\",\"width\":2000,\"height\":729},{\"@type\":\"WebSite\",\"@id\":\"https:\/\/sachacalmon.com.br\/#website\",\"url\":\"https:\/\/sachacalmon.com.br\/\",\"name\":\"Sacha Calmon Misabel Derzi Advogados\",\"description\":\"Refer\u00eancia Nacional em Direito Tribut\u00e1rio, o Sacha Calmon Misabel Derzi atua em todo o territ\u00f3rio nacional e conta com unidades em BH, SP, RJ e DF.\",\"publisher\":{\"@id\":\"https:\/\/sachacalmon.com.br\/#organization\"},\"alternateName\":\"Sacha Calmon Misabel Derzi Consultores e Advogados\",\"potentialAction\":[{\"@type\":\"SearchAction\",\"target\":{\"@type\":\"EntryPoint\",\"urlTemplate\":\"https:\/\/sachacalmon.com.br\/?s={search_term_string}\"},\"query-input\":\"required name=search_term_string\"}],\"inLanguage\":\"en-US\"},{\"@type\":\"Organization\",\"@id\":\"https:\/\/sachacalmon.com.br\/#organization\",\"name\":\"Sacha Calmon Misabel Derzi Advogados\",\"url\":\"https:\/\/sachacalmon.com.br\/\",\"logo\":{\"@type\":\"ImageObject\",\"inLanguage\":\"en-US\",\"@id\":\"https:\/\/sachacalmon.com.br\/#\/schema\/logo\/image\/\",\"url\":\"https:\/\/sachacalmon.com.br\/wp-content\/uploads\/2024\/07\/Group-7.png\",\"contentUrl\":\"https:\/\/sachacalmon.com.br\/wp-content\/uploads\/2024\/07\/Group-7.png\",\"width\":457,\"height\":126,\"caption\":\"Sacha Calmon Misabel Derzi Advogados\"},\"image\":{\"@id\":\"https:\/\/sachacalmon.com.br\/#\/schema\/logo\/image\/\"},\"sameAs\":[\"https:\/\/www.facebook.com\/scalmonmderzi\",\"https:\/\/www.instagram.com\/sachacalmon_advogados\/\",\"https:\/\/www.linkedin.com\/company\/scmd\/\",\"https:\/\/vimeo.com\/sachacalmon\"]}]}<\/script>\n<!-- \/ Yoast SEO plugin. -->","yoast_head_json":{"title":"Publications","robots":{"index":"index","follow":"follow","max-snippet":"max-snippet:-1","max-image-preview":"max-image-preview:large","max-video-preview":"max-video-preview:-1"},"canonical":"https:\/\/sachacalmon.com.br\/en\/publications\/","og_locale":"en_US","og_type":"article","og_title":"Publications","og_url":"https:\/\/sachacalmon.com.br\/en\/publications\/","og_site_name":"Sacha Calmon Misabel Derzi Advogados","article_publisher":"https:\/\/www.facebook.com\/scalmonmderzi","article_modified_time":"2014-12-16T12:14:32+00:00","og_image":[{"width":2000,"height":729,"url":"https:\/\/sachacalmon.com.br\/wp-content\/uploads\/2010\/06\/publicacoes-destacada.jpg","type":"image\/jpeg"}],"schema":{"@context":"https:\/\/schema.org","@graph":[{"@type":"WebPage","@id":"https:\/\/sachacalmon.com.br\/en\/publications\/","url":"https:\/\/sachacalmon.com.br\/en\/publications\/","name":"Publications","isPartOf":{"@id":"https:\/\/sachacalmon.com.br\/#website"},"primaryImageOfPage":{"@id":"https:\/\/sachacalmon.com.br\/en\/publications\/#primaryimage"},"image":{"@id":"https:\/\/sachacalmon.com.br\/en\/publications\/#primaryimage"},"thumbnailUrl":"https:\/\/sachacalmon.com.br\/wp-content\/uploads\/2010\/06\/publicacoes-destacada.jpg","datePublished":"2014-11-20T23:08:32+00:00","dateModified":"2014-12-16T12:14:32+00:00","inLanguage":"en-US","potentialAction":[{"@type":"ReadAction","target":["https:\/\/sachacalmon.com.br\/en\/publications\/"]}]},{"@type":"ImageObject","inLanguage":"en-US","@id":"https:\/\/sachacalmon.com.br\/en\/publications\/#primaryimage","url":"https:\/\/sachacalmon.com.br\/wp-content\/uploads\/2010\/06\/publicacoes-destacada.jpg","contentUrl":"https:\/\/sachacalmon.com.br\/wp-content\/uploads\/2010\/06\/publicacoes-destacada.jpg","width":2000,"height":729},{"@type":"WebSite","@id":"https:\/\/sachacalmon.com.br\/#website","url":"https:\/\/sachacalmon.com.br\/","name":"Sacha Calmon Misabel Derzi Advogados","description":"Refer\u00eancia Nacional em Direito Tribut\u00e1rio, o Sacha Calmon Misabel Derzi atua em todo o territ\u00f3rio nacional e conta com unidades em BH, SP, RJ e DF.","publisher":{"@id":"https:\/\/sachacalmon.com.br\/#organization"},"alternateName":"Sacha Calmon Misabel Derzi Consultores e Advogados","potentialAction":[{"@type":"SearchAction","target":{"@type":"EntryPoint","urlTemplate":"https:\/\/sachacalmon.com.br\/?s={search_term_string}"},"query-input":"required name=search_term_string"}],"inLanguage":"en-US"},{"@type":"Organization","@id":"https:\/\/sachacalmon.com.br\/#organization","name":"Sacha Calmon Misabel Derzi Advogados","url":"https:\/\/sachacalmon.com.br\/","logo":{"@type":"ImageObject","inLanguage":"en-US","@id":"https:\/\/sachacalmon.com.br\/#\/schema\/logo\/image\/","url":"https:\/\/sachacalmon.com.br\/wp-content\/uploads\/2024\/07\/Group-7.png","contentUrl":"https:\/\/sachacalmon.com.br\/wp-content\/uploads\/2024\/07\/Group-7.png","width":457,"height":126,"caption":"Sacha Calmon Misabel Derzi Advogados"},"image":{"@id":"https:\/\/sachacalmon.com.br\/#\/schema\/logo\/image\/"},"sameAs":["https:\/\/www.facebook.com\/scalmonmderzi","https:\/\/www.instagram.com\/sachacalmon_advogados\/","https:\/\/www.linkedin.com\/company\/scmd\/","https:\/\/vimeo.com\/sachacalmon"]}]}},"_links":{"self":[{"href":"https:\/\/sachacalmon.com.br\/en\/wp-json\/wp\/v2\/pages\/12989"}],"collection":[{"href":"https:\/\/sachacalmon.com.br\/en\/wp-json\/wp\/v2\/pages"}],"about":[{"href":"https:\/\/sachacalmon.com.br\/en\/wp-json\/wp\/v2\/types\/page"}],"author":[{"embeddable":true,"href":"https:\/\/sachacalmon.com.br\/en\/wp-json\/wp\/v2\/users\/1"}],"replies":[{"embeddable":true,"href":"https:\/\/sachacalmon.com.br\/en\/wp-json\/wp\/v2\/comments?post=12989"}],"version-history":[{"count":0,"href":"https:\/\/sachacalmon.com.br\/en\/wp-json\/wp\/v2\/pages\/12989\/revisions"}],"wp:featuredmedia":[{"embeddable":true,"href":"https:\/\/sachacalmon.com.br\/en\/wp-json\/wp\/v2\/media\/13091"}],"wp:attachment":[{"href":"https:\/\/sachacalmon.com.br\/en\/wp-json\/wp\/v2\/media?parent=12989"}],"curies":[{"name":"wp","href":"https:\/\/api.w.org\/{rel}","templated":true}]}}