{"id":34969,"date":"2024-04-04T10:39:03","date_gmt":"2024-04-04T13:39:03","guid":{"rendered":"https:\/\/sachacalmon.com.br\/?page_id=34969"},"modified":"2024-08-30T11:13:15","modified_gmt":"2024-08-30T14:13:15","slug":"lawyers-distrito-federal","status":"publish","type":"page","link":"https:\/\/sachacalmon.com.br\/en\/teams\/lawyers-distrito-federal\/","title":{"rendered":"Lawyers Distrito Federal"},"content":{"rendered":"<p>[et_pb_section fb_built=&#8221;1&#8243; admin_label=&#8221;Topo&#8221; module_class=&#8221;topo&#8221; _builder_version=&#8221;4.24.2&#8243; _module_preset=&#8221;default&#8221; background_image=&#8221;https:\/\/sachacalmon.com.br\/wp-content\/uploads\/2024\/03\/topo.jpg&#8221; background_size=&#8221;custom&#8221; background_image_width=&#8221;100%&#8221; background_image_height=&#8221;100%&#8221; background_position=&#8221;bottom_center&#8221; custom_padding=&#8221;180px||25px||false|false&#8221; border_width_top=&#8221;5px&#8221; border_color_top=&#8221;#be883e&#8221; global_colors_info=&#8221;{}&#8221;][et_pb_row _builder_version=&#8221;4.24.2&#8243; _module_preset=&#8221;default&#8221; global_colors_info=&#8221;{}&#8221;][et_pb_column type=&#8221;4_4&#8243; _builder_version=&#8221;4.24.2&#8243; _module_preset=&#8221;default&#8221; global_colors_info=&#8221;{}&#8221;][et_pb_text module_class=&#8221;titulo&#8221; _builder_version=&#8221;4.24.2&#8243; _module_preset=&#8221;default&#8221; global_colors_info=&#8221;{}&#8221;]<\/p>\n<h1>Team<\/h1>\n<p>[\/et_pb_text][\/et_pb_column][\/et_pb_row][\/et_pb_section][et_pb_section fb_built=&#8221;1&#8243; admin_label=&#8221;Se\u00e7\u00e3o&#8221; module_class=&#8221;especialistas&#8221; _builder_version=&#8221;4.24.2&#8243; _module_preset=&#8221;default&#8221; background_image=&#8221;https:\/\/sachacalmon.com.br\/wp-content\/uploads\/2024\/03\/paginas-topo2.jpg&#8221; background_size=&#8221;custom&#8221; background_image_width=&#8221;100%&#8221; background_position=&#8221;top_center&#8221; global_colors_info=&#8221;{}&#8221;][et_pb_row _builder_version=&#8221;4.24.2&#8243; _module_preset=&#8221;default&#8221; max_width=&#8221;980px&#8221; global_colors_info=&#8221;{}&#8221;][et_pb_column type=&#8221;4_4&#8243; _builder_version=&#8221;4.24.2&#8243; _module_preset=&#8221;default&#8221; global_colors_info=&#8221;{}&#8221;][et_pb_text module_class=&#8221;texto&#8221; _builder_version=&#8221;4.24.2&#8243; _module_preset=&#8221;default&#8221; global_colors_info=&#8221;{}&#8221;]<\/p>\n<h3>Specialists<\/h3>\n\n\t\t\n\t\t\t<div class=\"dropdown\">\n\n\t\t\t\t<h4>See specialists by office<\/h4>\n\t\t\t\t<select id=\"selectboxOpcoes\" onchange=\"redirecionarParaPaginaSelecionada()\">\n\t\t\t\t\t<option selected value=\"\">Office...<\/option>\n\t\t\t\t\t<option value=\"https:\/\/sachacalmon.com.br\/equipes\/advogados-minas-gerais\/\">Minas Gerais<\/option>\n\t\t\t\t\t<option value=\"https:\/\/sachacalmon.com.br\/equipes\/advogados-distrito-federal\/\">Distrito Federal<\/option>\n\t\t\t\t\t<option value=\"https:\/\/sachacalmon.com.br\/equipes\/advogados-para\/\">Par\u00e1<\/option>\n\t\t\t\t<\/select>\n\n\t\t\t<\/div>\n\t\t\t<script>\n\t\t\t\t\/\/ Fun\u00e7\u00e3o que ser\u00e1 chamada quando o usu\u00e1rio alterar a sele\u00e7\u00e3o do selectbox\n\t\t\t\tfunction redirecionarParaPaginaSelecionada() {\n\t\t\t\t\tvar selectbox = document.getElementById(\"selectboxOpcoes\");\n\t\t\t\t\tvar urlSelecionada = selectbox.value;\n\t\t\t\t\t\n\t\t\t\t\tif(urlSelecionada != \"\") { \/\/ Verifica se a op\u00e7\u00e3o selecionada n\u00e3o \u00e9 vazia\n\t\t\t\t\t\twindow.location.href = urlSelecionada; \/\/ Redireciona para a URL selecionada\n\t\t\t\t\t}\n\t\t\t\t}\n\t\t\t<\/script>\n\t\t\t<div class=\"listaequipe\" style=\"margin-bottom:100px !important;\">\n\n\t\t\t\t<h3>Founding Partners<\/h3>\n\n\t\t\t\t<div class=\"bloco\">\n\t\t\t\t\n\t\t\t\t\t\t<div class=\"ind\">\n\t\t\t\t\t\t\t<a href=\"https:\/\/sachacalmon.com.br\/en\/equipe\/sacha-calmon-navarro-coelho\/\">\n\t\t\t\t\t\t\t<div class=\"info\">\n\t\t\t\t\t\t\t\t<div>\n\t\t\t\t\t\t\t\t<h4>Sacha Calmon<\/h4>\n\n\t\t\t\t\t\t\t\t<\/div>\n\t\t\t\t\t\t\t<\/div>\n\t\t\t\t\t\t\t<img decoding=\"async\" src=\"https:\/\/sachacalmon.com.br\/wp-content\/uploads\/2014\/08\/Foto-4-Dr.-Sacha-Jane-Linhares.jpg\" alt=\"\">\n\t\t\t\t\t\t\t<\/a>\n\t\t\t\t\t\t<\/div>\n\n\t\t\t\t\t\n\t\t\t\t\t\t<div class=\"ind\">\n\t\t\t\t\t\t\t<a href=\"https:\/\/sachacalmon.com.br\/en\/equipe\/misabel-abreu-machado-derzi\/\">\n\t\t\t\t\t\t\t<div class=\"info\">\n\t\t\t\t\t\t\t\t<div>\n\t\t\t\t\t\t\t\t<h4>Misabel Derzi<\/h4>\n\n\t\t\t\t\t\t\t\t<\/div>\n\t\t\t\t\t\t\t<\/div>\n\t\t\t\t\t\t\t<img decoding=\"async\" src=\"https:\/\/sachacalmon.com.br\/wp-content\/uploads\/2014\/08\/Foto-4-Dra.-Misabel-Jane-Linhares.jpg\" alt=\"\">\n\t\t\t\t\t\t\t<\/a>\n\t\t\t\t\t\t<\/div>\n\n\t\t\t\t\t\n\t\t\t\t<\/div>\n\n\t\t\t<\/div>\n\t\t\t<div class=\"listaequipe\" style=\"margin-bottom:100px;\">\n\n\t\t\t\t<h3>Team<\/h3>\n\n\t\t\t\t<div class=\"bloco\">\n\t\t\t\t\t\t\t\t<\/div>\n\n\t\t\t<\/div>\n\n\t\t\n\t\n<p>[\/et_pb_text][\/et_pb_column][\/et_pb_row][\/et_pb_section]<\/p>\n","protected":false},"excerpt":{"rendered":"<p>[et_pb_section fb_built=&#8221;1&#8243; admin_label=&#8221;Topo&#8221; module_class=&#8221;topo&#8221; _builder_version=&#8221;4.24.2&#8243; _module_preset=&#8221;default&#8221; background_image=&#8221;https:\/\/sachacalmon.com.br\/wp-content\/uploads\/2024\/03\/topo.jpg&#8221; background_size=&#8221;custom&#8221; background_image_width=&#8221;100%&#8221; background_image_height=&#8221;100%&#8221; background_position=&#8221;bottom_center&#8221; custom_padding=&#8221;180px||25px||false|false&#8221; border_width_top=&#8221;5px&#8221; border_color_top=&#8221;#be883e&#8221; global_colors_info=&#8221;{}&#8221;][et_pb_row _builder_version=&#8221;4.24.2&#8243; _module_preset=&#8221;default&#8221; global_colors_info=&#8221;{}&#8221;][et_pb_column type=&#8221;4_4&#8243; _builder_version=&#8221;4.24.2&#8243; _module_preset=&#8221;default&#8221; global_colors_info=&#8221;{}&#8221;][et_pb_text module_class=&#8221;titulo&#8221; _builder_version=&#8221;4.24.2&#8243; _module_preset=&#8221;default&#8221; global_colors_info=&#8221;{}&#8221;] Team [\/et_pb_text][\/et_pb_column][\/et_pb_row][\/et_pb_section][et_pb_section fb_built=&#8221;1&#8243; admin_label=&#8221;Se\u00e7\u00e3o&#8221; module_class=&#8221;especialistas&#8221; _builder_version=&#8221;4.24.2&#8243; _module_preset=&#8221;default&#8221; background_image=&#8221;https:\/\/sachacalmon.com.br\/wp-content\/uploads\/2024\/03\/paginas-topo2.jpg&#8221; background_size=&#8221;custom&#8221; background_image_width=&#8221;100%&#8221; background_position=&#8221;top_center&#8221; global_colors_info=&#8221;{}&#8221;][et_pb_row _builder_version=&#8221;4.24.2&#8243; _module_preset=&#8221;default&#8221; max_width=&#8221;980px&#8221; global_colors_info=&#8221;{}&#8221;][et_pb_column type=&#8221;4_4&#8243; _builder_version=&#8221;4.24.2&#8243; _module_preset=&#8221;default&#8221; global_colors_info=&#8221;{}&#8221;][et_pb_text module_class=&#8221;texto&#8221; _builder_version=&#8221;4.24.2&#8243; _module_preset=&#8221;default&#8221; global_colors_info=&#8221;{}&#8221;] Specialists [\/et_pb_text][\/et_pb_column][\/et_pb_row][\/et_pb_section]<\/p>\n","protected":false},"author":6,"featured_media":36275,"parent":13017,"menu_order":0,"comment_status":"open","ping_status":"closed","template":"","meta":{"_acf_changed":false,"_et_pb_use_builder":"on","_et_pb_old_content":"","_et_gb_content_width":"","footnotes":""},"class_list":["post-34969","page","type-page","status-publish","has-post-thumbnail","hentry"],"acf":[],"yoast_head":"<!-- This site is optimized with the Yoast SEO plugin v23.3 - https:\/\/yoast.com\/wordpress\/plugins\/seo\/ -->\n<title>Equipe: profissionais renomados e altamente qualificados<\/title>\n<meta name=\"description\" content=\"Advogados e consultores do Sacha Calmon Misabel Derzi se destacam pela forma\u00e7\u00e3o e atua\u00e7\u00e3o nas mais conceituadas e tradicionais universidades do mundo\" \/>\n<meta name=\"robots\" content=\"noindex, follow\" \/>\n<meta property=\"og:locale\" content=\"en_US\" \/>\n<meta property=\"og:type\" content=\"article\" \/>\n<meta property=\"og:title\" content=\"Equipe: profissionais renomados e altamente qualificados\" \/>\n<meta property=\"og:description\" content=\"Advogados e consultores do Sacha Calmon Misabel Derzi se destacam pela forma\u00e7\u00e3o e atua\u00e7\u00e3o nas mais conceituadas e tradicionais universidades do mundo\" \/>\n<meta property=\"og:url\" content=\"https:\/\/sachacalmon.com.br\/en\/teams\/lawyers-distrito-federal\/\" \/>\n<meta property=\"og:site_name\" content=\"Sacha Calmon Misabel Derzi Advogados\" \/>\n<meta property=\"article:publisher\" content=\"https:\/\/www.facebook.com\/scalmonmderzi\" \/>\n<meta property=\"article:modified_time\" content=\"2024-08-30T14:13:15+00:00\" \/>\n<meta property=\"og:image\" content=\"https:\/\/sachacalmon.com.br\/wp-content\/uploads\/2014\/11\/sacha-calmon-institucional.jpg\" \/>\n\t<meta property=\"og:image:width\" content=\"2000\" \/>\n\t<meta property=\"og:image:height\" content=\"538\" \/>\n\t<meta property=\"og:image:type\" content=\"image\/jpeg\" \/>\n<meta name=\"twitter:label1\" content=\"Est. reading time\" \/>\n\t<meta name=\"twitter:data1\" content=\"1 minute\" \/>\n<script type=\"application\/ld+json\" class=\"yoast-schema-graph\">{\"@context\":\"https:\/\/schema.org\",\"@graph\":[{\"@type\":\"WebPage\",\"@id\":\"https:\/\/sachacalmon.com.br\/en\/teams\/lawyers-distrito-federal\/\",\"url\":\"https:\/\/sachacalmon.com.br\/en\/teams\/lawyers-distrito-federal\/\",\"name\":\"Equipe: profissionais renomados e altamente qualificados\",\"isPartOf\":{\"@id\":\"https:\/\/sachacalmon.com.br\/#website\"},\"primaryImageOfPage\":{\"@id\":\"https:\/\/sachacalmon.com.br\/en\/teams\/lawyers-distrito-federal\/#primaryimage\"},\"image\":{\"@id\":\"https:\/\/sachacalmon.com.br\/en\/teams\/lawyers-distrito-federal\/#primaryimage\"},\"thumbnailUrl\":\"https:\/\/sachacalmon.com.br\/wp-content\/uploads\/2014\/11\/sacha-calmon-institucional.jpg\",\"datePublished\":\"2024-04-04T13:39:03+00:00\",\"dateModified\":\"2024-08-30T14:13:15+00:00\",\"description\":\"Advogados e consultores do Sacha Calmon Misabel Derzi se destacam pela forma\u00e7\u00e3o e atua\u00e7\u00e3o nas mais conceituadas e tradicionais universidades do mundo\",\"breadcrumb\":{\"@id\":\"https:\/\/sachacalmon.com.br\/en\/teams\/lawyers-distrito-federal\/#breadcrumb\"},\"inLanguage\":\"en-US\",\"potentialAction\":[{\"@type\":\"ReadAction\",\"target\":[\"https:\/\/sachacalmon.com.br\/en\/teams\/lawyers-distrito-federal\/\"]}]},{\"@type\":\"ImageObject\",\"inLanguage\":\"en-US\",\"@id\":\"https:\/\/sachacalmon.com.br\/en\/teams\/lawyers-distrito-federal\/#primaryimage\",\"url\":\"https:\/\/sachacalmon.com.br\/wp-content\/uploads\/2014\/11\/sacha-calmon-institucional.jpg\",\"contentUrl\":\"https:\/\/sachacalmon.com.br\/wp-content\/uploads\/2014\/11\/sacha-calmon-institucional.jpg\",\"width\":2000,\"height\":538},{\"@type\":\"BreadcrumbList\",\"@id\":\"https:\/\/sachacalmon.com.br\/en\/teams\/lawyers-distrito-federal\/#breadcrumb\",\"itemListElement\":[{\"@type\":\"ListItem\",\"position\":1,\"name\":\"Teams\",\"item\":\"https:\/\/sachacalmon.com.br\/en\/teams\/\"},{\"@type\":\"ListItem\",\"position\":2,\"name\":\"Lawyers Distrito Federal\"}]},{\"@type\":\"WebSite\",\"@id\":\"https:\/\/sachacalmon.com.br\/#website\",\"url\":\"https:\/\/sachacalmon.com.br\/\",\"name\":\"Sacha Calmon Misabel Derzi Advogados\",\"description\":\"Refer\u00eancia Nacional em Direito Tribut\u00e1rio, o Sacha Calmon Misabel Derzi atua em todo o territ\u00f3rio nacional e conta com unidades em BH, SP, RJ e DF.\",\"publisher\":{\"@id\":\"https:\/\/sachacalmon.com.br\/#organization\"},\"alternateName\":\"Sacha Calmon Misabel Derzi Consultores e Advogados\",\"potentialAction\":[{\"@type\":\"SearchAction\",\"target\":{\"@type\":\"EntryPoint\",\"urlTemplate\":\"https:\/\/sachacalmon.com.br\/?s={search_term_string}\"},\"query-input\":\"required name=search_term_string\"}],\"inLanguage\":\"en-US\"},{\"@type\":\"Organization\",\"@id\":\"https:\/\/sachacalmon.com.br\/#organization\",\"name\":\"Sacha Calmon Misabel Derzi Advogados\",\"url\":\"https:\/\/sachacalmon.com.br\/\",\"logo\":{\"@type\":\"ImageObject\",\"inLanguage\":\"en-US\",\"@id\":\"https:\/\/sachacalmon.com.br\/#\/schema\/logo\/image\/\",\"url\":\"https:\/\/sachacalmon.com.br\/wp-content\/uploads\/2024\/07\/Group-7.png\",\"contentUrl\":\"https:\/\/sachacalmon.com.br\/wp-content\/uploads\/2024\/07\/Group-7.png\",\"width\":457,\"height\":126,\"caption\":\"Sacha Calmon Misabel Derzi Advogados\"},\"image\":{\"@id\":\"https:\/\/sachacalmon.com.br\/#\/schema\/logo\/image\/\"},\"sameAs\":[\"https:\/\/www.facebook.com\/scalmonmderzi\",\"https:\/\/www.instagram.com\/sachacalmon_advogados\/\",\"https:\/\/www.linkedin.com\/company\/scmd\/\",\"https:\/\/vimeo.com\/sachacalmon\"]}]}<\/script>\n<!-- \/ Yoast SEO plugin. -->","yoast_head_json":{"title":"Equipe: profissionais renomados e altamente qualificados","description":"Advogados e consultores do Sacha Calmon Misabel Derzi se destacam pela forma\u00e7\u00e3o e atua\u00e7\u00e3o nas mais conceituadas e tradicionais universidades do mundo","robots":{"index":"noindex","follow":"follow"},"og_locale":"en_US","og_type":"article","og_title":"Equipe: profissionais renomados e altamente qualificados","og_description":"Advogados e consultores do Sacha Calmon Misabel Derzi se destacam pela forma\u00e7\u00e3o e atua\u00e7\u00e3o nas mais conceituadas e tradicionais universidades do mundo","og_url":"https:\/\/sachacalmon.com.br\/en\/teams\/lawyers-distrito-federal\/","og_site_name":"Sacha Calmon Misabel Derzi Advogados","article_publisher":"https:\/\/www.facebook.com\/scalmonmderzi","article_modified_time":"2024-08-30T14:13:15+00:00","og_image":[{"width":2000,"height":538,"url":"https:\/\/sachacalmon.com.br\/wp-content\/uploads\/2014\/11\/sacha-calmon-institucional.jpg","type":"image\/jpeg"}],"twitter_misc":{"Est. reading time":"1 minute"},"schema":{"@context":"https:\/\/schema.org","@graph":[{"@type":"WebPage","@id":"https:\/\/sachacalmon.com.br\/en\/teams\/lawyers-distrito-federal\/","url":"https:\/\/sachacalmon.com.br\/en\/teams\/lawyers-distrito-federal\/","name":"Equipe: profissionais renomados e altamente qualificados","isPartOf":{"@id":"https:\/\/sachacalmon.com.br\/#website"},"primaryImageOfPage":{"@id":"https:\/\/sachacalmon.com.br\/en\/teams\/lawyers-distrito-federal\/#primaryimage"},"image":{"@id":"https:\/\/sachacalmon.com.br\/en\/teams\/lawyers-distrito-federal\/#primaryimage"},"thumbnailUrl":"https:\/\/sachacalmon.com.br\/wp-content\/uploads\/2014\/11\/sacha-calmon-institucional.jpg","datePublished":"2024-04-04T13:39:03+00:00","dateModified":"2024-08-30T14:13:15+00:00","description":"Advogados e consultores do Sacha Calmon Misabel Derzi se destacam pela forma\u00e7\u00e3o e atua\u00e7\u00e3o nas mais conceituadas e tradicionais universidades do mundo","breadcrumb":{"@id":"https:\/\/sachacalmon.com.br\/en\/teams\/lawyers-distrito-federal\/#breadcrumb"},"inLanguage":"en-US","potentialAction":[{"@type":"ReadAction","target":["https:\/\/sachacalmon.com.br\/en\/teams\/lawyers-distrito-federal\/"]}]},{"@type":"ImageObject","inLanguage":"en-US","@id":"https:\/\/sachacalmon.com.br\/en\/teams\/lawyers-distrito-federal\/#primaryimage","url":"https:\/\/sachacalmon.com.br\/wp-content\/uploads\/2014\/11\/sacha-calmon-institucional.jpg","contentUrl":"https:\/\/sachacalmon.com.br\/wp-content\/uploads\/2014\/11\/sacha-calmon-institucional.jpg","width":2000,"height":538},{"@type":"BreadcrumbList","@id":"https:\/\/sachacalmon.com.br\/en\/teams\/lawyers-distrito-federal\/#breadcrumb","itemListElement":[{"@type":"ListItem","position":1,"name":"Teams","item":"https:\/\/sachacalmon.com.br\/en\/teams\/"},{"@type":"ListItem","position":2,"name":"Lawyers Distrito Federal"}]},{"@type":"WebSite","@id":"https:\/\/sachacalmon.com.br\/#website","url":"https:\/\/sachacalmon.com.br\/","name":"Sacha Calmon Misabel Derzi Advogados","description":"Refer\u00eancia Nacional em Direito Tribut\u00e1rio, o Sacha Calmon Misabel Derzi atua em todo o territ\u00f3rio nacional e conta com unidades em BH, SP, RJ e DF.","publisher":{"@id":"https:\/\/sachacalmon.com.br\/#organization"},"alternateName":"Sacha Calmon Misabel Derzi Consultores e Advogados","potentialAction":[{"@type":"SearchAction","target":{"@type":"EntryPoint","urlTemplate":"https:\/\/sachacalmon.com.br\/?s={search_term_string}"},"query-input":"required name=search_term_string"}],"inLanguage":"en-US"},{"@type":"Organization","@id":"https:\/\/sachacalmon.com.br\/#organization","name":"Sacha Calmon Misabel Derzi Advogados","url":"https:\/\/sachacalmon.com.br\/","logo":{"@type":"ImageObject","inLanguage":"en-US","@id":"https:\/\/sachacalmon.com.br\/#\/schema\/logo\/image\/","url":"https:\/\/sachacalmon.com.br\/wp-content\/uploads\/2024\/07\/Group-7.png","contentUrl":"https:\/\/sachacalmon.com.br\/wp-content\/uploads\/2024\/07\/Group-7.png","width":457,"height":126,"caption":"Sacha Calmon Misabel Derzi Advogados"},"image":{"@id":"https:\/\/sachacalmon.com.br\/#\/schema\/logo\/image\/"},"sameAs":["https:\/\/www.facebook.com\/scalmonmderzi","https:\/\/www.instagram.com\/sachacalmon_advogados\/","https:\/\/www.linkedin.com\/company\/scmd\/","https:\/\/vimeo.com\/sachacalmon"]}]}},"_links":{"self":[{"href":"https:\/\/sachacalmon.com.br\/en\/wp-json\/wp\/v2\/pages\/34969"}],"collection":[{"href":"https:\/\/sachacalmon.com.br\/en\/wp-json\/wp\/v2\/pages"}],"about":[{"href":"https:\/\/sachacalmon.com.br\/en\/wp-json\/wp\/v2\/types\/page"}],"author":[{"embeddable":true,"href":"https:\/\/sachacalmon.com.br\/en\/wp-json\/wp\/v2\/users\/6"}],"replies":[{"embeddable":true,"href":"https:\/\/sachacalmon.com.br\/en\/wp-json\/wp\/v2\/comments?post=34969"}],"version-history":[{"count":7,"href":"https:\/\/sachacalmon.com.br\/en\/wp-json\/wp\/v2\/pages\/34969\/revisions"}],"predecessor-version":[{"id":36814,"href":"https:\/\/sachacalmon.com.br\/en\/wp-json\/wp\/v2\/pages\/34969\/revisions\/36814"}],"up":[{"embeddable":true,"href":"https:\/\/sachacalmon.com.br\/en\/wp-json\/wp\/v2\/pages\/13017"}],"wp:featuredmedia":[{"embeddable":true,"href":"https:\/\/sachacalmon.com.br\/en\/wp-json\/wp\/v2\/media\/36275"}],"wp:attachment":[{"href":"https:\/\/sachacalmon.com.br\/en\/wp-json\/wp\/v2\/media?parent=34969"}],"curies":[{"name":"wp","href":"https:\/\/api.w.org\/{rel}","templated":true}]}}